{"id":1428,"date":"2023-02-05T00:14:54","date_gmt":"2023-02-05T00:14:54","guid":{"rendered":"https:\/\/vemplast.com.ar\/?post_type=product&#038;p=1428"},"modified":"2023-02-05T00:17:28","modified_gmt":"2023-02-05T00:17:28","slug":"bufalo-rojo-1m","status":"publish","type":"product","link":"https:\/\/vemplast.com.ar\/?product=bufalo-rojo-1m","title":{"rendered":"B\u00fafalo Rojo"},"content":{"rendered":"<p>CUERINA BUFALO ROJO<br \/>\n_________________________________________________________<\/p>\n<p>Presentaci\u00f3n del producto:<\/p>\n<p>&#8211; Ancho: 140 cm<br \/>\n&#8211; Reverso: Felpa<br \/>\n&#8211; El precio publicado es por 1 metro lineal de Cuerina Bufalo de 140 cm de ancho<br \/>\n_________________________________________________________<br \/>\nDescripci\u00f3n y usos:<\/p>\n<p>La cuerina bufalo, es una cuerina compuesta por una l\u00e1mina de PVC en una de sus caras, y en la otra cara una l\u00e1mina de felpa.<\/p>\n<p>Puede ser utilizada para todo tipo de tapizado, como as\u00ed tambi\u00e9n para marroquiner\u00eda. Muchas veces se utiliza esta cuerina como mantel.<br \/>\n_<br \/>\nFacturaci\u00f3n:<br \/>\nHacemos Factura A y B, seg\u00fan corresponda.<br \/>\nLos precios incluyen IVA.<br \/>\n_____________________________________________<\/p>\n<p>VENTA POR MAYOR Y MENOR<br \/>\n_____________________________________________<\/p>\n<p>ENV\u00cdOS<br \/>\na todo el pais por correo o expresso<\/p>\n<p>RETIRO POR NUESTRO LOCAL<br \/>\nSe puede retirar los productos por nuestro local ubicado en AVELLANEDA (Zona Sur del Gran Buenos Aires). Para ello eleg\u00ed la opci\u00f3n retiro en domicilio del vendedor al momento de efectuar la compra.<\/p>\n","protected":false},"excerpt":{"rendered":"<p>CUERINA BUFALO ROJO _________________________________________________________ Presentaci\u00f3n del producto: &#8211; Ancho: 140 cm &#8211; Reverso: Felpa &#8211; El precio publicado es por 1 metro lineal de Cuerina Bufalo de 140 cm de ancho _________________________________________________________ Descripci\u00f3n y usos: La cuerina bufalo, es una cuerina compuesta por una l\u00e1mina de PVC en una de sus caras, y en la [&hellip;]<\/p>\n","protected":false},"featured_media":1367,"comment_status":"open","ping_status":"closed","template":"","meta":{"site-sidebar-layout":"default","site-content-layout":"default","ast-site-content-layout":"default","site-content-style":"default","site-sidebar-style":"default","ast-global-header-display":"","ast-banner-title-visibility":"","ast-main-header-display":"","ast-hfb-above-header-display":"","ast-hfb-below-header-display":"","ast-hfb-mobile-header-display":"","site-post-title":"","ast-breadcrumbs-content":"","ast-featured-img":"","footer-sml-layout":"","theme-transparent-header-meta":"default","adv-header-id-meta":"","stick-header-meta":"","header-above-stick-meta":"","header-main-stick-meta":"","header-below-stick-meta":"","astra-migrate-meta-layouts":"default","ast-page-background-enabled":"default","ast-page-background-meta":{"desktop":{"background-color":"var(--ast-global-color-4)","background-image":"","background-repeat":"repeat","background-position":"center center","background-size":"auto","background-attachment":"scroll","background-type":"","background-media":"","overlay-type":"","overlay-color":"","overlay-opacity":"","overlay-gradient":""},"tablet":{"background-color":"","background-image":"","background-repeat":"repeat","background-position":"center center","background-size":"auto","background-attachment":"scroll","background-type":"","background-media":"","overlay-type":"","overlay-color":"","overlay-opacity":"","overlay-gradient":""},"mobile":{"background-color":"","background-image":"","background-repeat":"repeat","background-position":"center center","background-size":"auto","background-attachment":"scroll","background-type":"","background-media":"","overlay-type":"","overlay-color":"","overlay-opacity":"","overlay-gradient":""}},"ast-content-background-meta":{"desktop":{"background-color":"var(--ast-global-color-5)","background-image":"","background-repeat":"repeat","background-position":"center center","background-size":"auto","background-attachment":"scroll","background-type":"","background-media":"","overlay-type":"","overlay-color":"","overlay-opacity":"","overlay-gradient":""},"tablet":{"background-color":"var(--ast-global-color-5)","background-image":"","background-repeat":"repeat","background-position":"center center","background-size":"auto","background-attachment":"scroll","background-type":"","background-media":"","overlay-type":"","overlay-color":"","overlay-opacity":"","overlay-gradient":""},"mobile":{"background-color":"var(--ast-global-color-5)","background-image":"","background-repeat":"repeat","background-position":"center center","background-size":"auto","background-attachment":"scroll","background-type":"","background-media":"","overlay-type":"","overlay-color":"","overlay-opacity":"","overlay-gradient":""}},"_joinchat":[]},"product_brand":[],"product_cat":[38],"product_tag":[54,55,51,50,53],"class_list":{"0":"post-1428","1":"product","2":"type-product","3":"status-publish","4":"has-post-thumbnail","6":"product_cat-cuerina-bufalo","7":"product_tag-cuerina","8":"product_tag-cuerina-bufalo","9":"product_tag-pvc","10":"product_tag-telas-plasticas","11":"product_tag-vemplast","12":"desktop-align-left","13":"tablet-align-left","14":"mobile-align-left","16":"first","17":"instock","18":"shipping-taxable","19":"product-type-simple"},"_links":{"self":[{"href":"https:\/\/vemplast.com.ar\/index.php?rest_route=\/wp\/v2\/product\/1428","targetHints":{"allow":["GET"]}}],"collection":[{"href":"https:\/\/vemplast.com.ar\/index.php?rest_route=\/wp\/v2\/product"}],"about":[{"href":"https:\/\/vemplast.com.ar\/index.php?rest_route=\/wp\/v2\/types\/product"}],"replies":[{"embeddable":true,"href":"https:\/\/vemplast.com.ar\/index.php?rest_route=%2Fwp%2Fv2%2Fcomments&post=1428"}],"version-history":[{"count":3,"href":"https:\/\/vemplast.com.ar\/index.php?rest_route=\/wp\/v2\/product\/1428\/revisions"}],"predecessor-version":[{"id":1436,"href":"https:\/\/vemplast.com.ar\/index.php?rest_route=\/wp\/v2\/product\/1428\/revisions\/1436"}],"wp:featuredmedia":[{"embeddable":true,"href":"https:\/\/vemplast.com.ar\/index.php?rest_route=\/wp\/v2\/media\/1367"}],"wp:attachment":[{"href":"https:\/\/vemplast.com.ar\/index.php?rest_route=%2Fwp%2Fv2%2Fmedia&parent=1428"}],"wp:term":[{"taxonomy":"product_brand","embeddable":true,"href":"https:\/\/vemplast.com.ar\/index.php?rest_route=%2Fwp%2Fv2%2Fproduct_brand&post=1428"},{"taxonomy":"product_cat","embeddable":true,"href":"https:\/\/vemplast.com.ar\/index.php?rest_route=%2Fwp%2Fv2%2Fproduct_cat&post=1428"},{"taxonomy":"product_tag","embeddable":true,"href":"https:\/\/vemplast.com.ar\/index.php?rest_route=%2Fwp%2Fv2%2Fproduct_tag&post=1428"}],"curies":[{"name":"wp","href":"https:\/\/api.w.org\/{rel}","templated":true}]}}