{"id":1422,"date":"2023-02-05T00:09:07","date_gmt":"2023-02-05T00:09:07","guid":{"rendered":"https:\/\/vemplast.com.ar\/?post_type=product&#038;p=1422"},"modified":"2023-02-05T00:09:56","modified_gmt":"2023-02-05T00:09:56","slug":"cristal-pvc-300","status":"publish","type":"product","link":"https:\/\/vemplast.com.ar\/?product=cristal-pvc-300","title":{"rendered":"Cristal PVC 300"},"content":{"rendered":"<p>CRISTAL DE PVC TRANSPARENTE<br \/>\n300 micrones de espesor<br \/>\n_____________________________________________<\/p>\n<p>Presentaci\u00f3n del producto:<\/p>\n<p>&#8211; Ancho: 140 cm<br \/>\n&#8211; Espesor: 300 micrones<br \/>\n&#8211; El precio publicado es por 1 metro lineal de cristal 140 cm de ancho<br \/>\n_____________________________________________<\/p>\n<p>Descripci\u00f3n y usos:<\/p>\n<p>El Cristal es una pel\u00edcula de PVC transparente y flexible.<\/p>\n<p>Esta tela pl\u00e1stica se puede procesar por sellado de alta frecuencia y costura.<\/p>\n<p>La excelente transparencia de esta tela pl\u00e1stica la convierte en el producto<\/p>\n<p>ideal para todo tipo de empaques flexibles tales como:<br \/>\n&#8211; Bolsas selladas por alta frecuencia<br \/>\n&#8211; Bolsas para lencer\u00eda<br \/>\n&#8211; Art\u00edculos de papeler\u00eda<\/p>\n<p>Tambi\u00e9n es utilizado en la confecci\u00f3n de:<br \/>\n&#8211; Cortinas de ba\u00f1o<br \/>\n&#8211; Delantales<br \/>\n&#8211; Fundas para trajes<br \/>\n&#8211; Material publicitario<br \/>\n&#8211; Carpeter\u00eda<br \/>\n&#8211; Autopartes<br \/>\n&#8211; Porta cosm\u00e9ticos<br \/>\n&#8211; Pilotos<br \/>\n&#8211; Coberturas frutihort\u00edcolas<br \/>\n-Etc.<br \/>\n_____________________________________________<\/p>\n<p>VENTA POR MAYOR Y MENOR<br \/>\n_____________________________________________<\/p>\n<p>ENV\u00cdOS<br \/>\na todo el pais por correo o expresso<\/p>\n<p>RETIRO POR NUESTRO LOCAL<br \/>\nSe puede retirar los productos por nuestro local ubicado en AVELLANEDA (Zona Sur del Gran Buenos Aires). Para ello eleg\u00ed la opci\u00f3n retiro en domicilio del vendedor al momento de efectuar la compra.<\/p>\n","protected":false},"excerpt":{"rendered":"<p>CRISTAL DE PVC TRANSPARENTE 300 micrones de espesor _____________________________________________ Presentaci\u00f3n del producto: &#8211; Ancho: 140 cm &#8211; Espesor: 300 micrones &#8211; El precio publicado es por 1 metro lineal de cristal 140 cm de ancho _____________________________________________ Descripci\u00f3n y usos: El Cristal es una pel\u00edcula de PVC transparente y flexible. Esta tela pl\u00e1stica se puede procesar [&hellip;]<\/p>\n","protected":false},"featured_media":1372,"comment_status":"open","ping_status":"closed","template":"","meta":{"site-sidebar-layout":"default","site-content-layout":"default","ast-site-content-layout":"default","site-content-style":"default","site-sidebar-style":"default","ast-global-header-display":"","ast-banner-title-visibility":"","ast-main-header-display":"","ast-hfb-above-header-display":"","ast-hfb-below-header-display":"","ast-hfb-mobile-header-display":"","site-post-title":"","ast-breadcrumbs-content":"","ast-featured-img":"","footer-sml-layout":"","theme-transparent-header-meta":"default","adv-header-id-meta":"","stick-header-meta":"","header-above-stick-meta":"","header-main-stick-meta":"","header-below-stick-meta":"","astra-migrate-meta-layouts":"default","ast-page-background-enabled":"default","ast-page-background-meta":{"desktop":{"background-color":"var(--ast-global-color-4)","background-image":"","background-repeat":"repeat","background-position":"center center","background-size":"auto","background-attachment":"scroll","background-type":"","background-media":"","overlay-type":"","overlay-color":"","overlay-opacity":"","overlay-gradient":""},"tablet":{"background-color":"","background-image":"","background-repeat":"repeat","background-position":"center center","background-size":"auto","background-attachment":"scroll","background-type":"","background-media":"","overlay-type":"","overlay-color":"","overlay-opacity":"","overlay-gradient":""},"mobile":{"background-color":"","background-image":"","background-repeat":"repeat","background-position":"center center","background-size":"auto","background-attachment":"scroll","background-type":"","background-media":"","overlay-type":"","overlay-color":"","overlay-opacity":"","overlay-gradient":""}},"ast-content-background-meta":{"desktop":{"background-color":"var(--ast-global-color-5)","background-image":"","background-repeat":"repeat","background-position":"center center","background-size":"auto","background-attachment":"scroll","background-type":"","background-media":"","overlay-type":"","overlay-color":"","overlay-opacity":"","overlay-gradient":""},"tablet":{"background-color":"var(--ast-global-color-5)","background-image":"","background-repeat":"repeat","background-position":"center center","background-size":"auto","background-attachment":"scroll","background-type":"","background-media":"","overlay-type":"","overlay-color":"","overlay-opacity":"","overlay-gradient":""},"mobile":{"background-color":"var(--ast-global-color-5)","background-image":"","background-repeat":"repeat","background-position":"center center","background-size":"auto","background-attachment":"scroll","background-type":"","background-media":"","overlay-type":"","overlay-color":"","overlay-opacity":"","overlay-gradient":""}},"_joinchat":[]},"product_brand":[],"product_cat":[37],"product_tag":[51,52,50,53],"class_list":{"0":"post-1422","1":"product","2":"type-product","3":"status-publish","4":"has-post-thumbnail","6":"product_cat-pvc-cristal","7":"product_tag-pvc","8":"product_tag-pvc-cristal","9":"product_tag-telas-plasticas","10":"product_tag-vemplast","11":"desktop-align-left","12":"tablet-align-left","13":"mobile-align-left","15":"first","16":"instock","17":"shipping-taxable","18":"product-type-simple"},"_links":{"self":[{"href":"https:\/\/vemplast.com.ar\/index.php?rest_route=\/wp\/v2\/product\/1422","targetHints":{"allow":["GET"]}}],"collection":[{"href":"https:\/\/vemplast.com.ar\/index.php?rest_route=\/wp\/v2\/product"}],"about":[{"href":"https:\/\/vemplast.com.ar\/index.php?rest_route=\/wp\/v2\/types\/product"}],"replies":[{"embeddable":true,"href":"https:\/\/vemplast.com.ar\/index.php?rest_route=%2Fwp%2Fv2%2Fcomments&post=1422"}],"version-history":[{"count":1,"href":"https:\/\/vemplast.com.ar\/index.php?rest_route=\/wp\/v2\/product\/1422\/revisions"}],"predecessor-version":[{"id":1423,"href":"https:\/\/vemplast.com.ar\/index.php?rest_route=\/wp\/v2\/product\/1422\/revisions\/1423"}],"wp:featuredmedia":[{"embeddable":true,"href":"https:\/\/vemplast.com.ar\/index.php?rest_route=\/wp\/v2\/media\/1372"}],"wp:attachment":[{"href":"https:\/\/vemplast.com.ar\/index.php?rest_route=%2Fwp%2Fv2%2Fmedia&parent=1422"}],"wp:term":[{"taxonomy":"product_brand","embeddable":true,"href":"https:\/\/vemplast.com.ar\/index.php?rest_route=%2Fwp%2Fv2%2Fproduct_brand&post=1422"},{"taxonomy":"product_cat","embeddable":true,"href":"https:\/\/vemplast.com.ar\/index.php?rest_route=%2Fwp%2Fv2%2Fproduct_cat&post=1422"},{"taxonomy":"product_tag","embeddable":true,"href":"https:\/\/vemplast.com.ar\/index.php?rest_route=%2Fwp%2Fv2%2Fproduct_tag&post=1422"}],"curies":[{"name":"wp","href":"https:\/\/api.w.org\/{rel}","templated":true}]}}